{"id":4162,"date":"2015-01-22T12:08:18","date_gmt":"2015-01-22T11:08:18","guid":{"rendered":"http:\/\/www.restovisio.com\/blog\/?page_id=4162"},"modified":"2015-01-22T12:08:18","modified_gmt":"2015-01-22T11:08:18","slug":"le-sud-est-capitale-reconnue-de-la-gastronomie","status":"publish","type":"page","link":"https:\/\/www.restovisio.com\/blog\/le-sud-est-capitale-reconnue-de-la-gastronomie\/","title":{"rendered":"Le Sud-Est, Capitale reconnue de la Gastronomie"},"content":{"rendered":"<p>On entend souvent parler des repas du Sud-Ouest. De ces ambiances festives, de ces troisi\u00e8mes mi-temps, dans lesquelles les bons repas se m\u00ealent aux chansons paillardes.<\/p>\n<p>Le Nord-Ouest est inond\u00e9 de la culture bretonne, une r\u00e9gion o\u00f9 la gastronomie est mise \u00e0 l\u2019honneur, o\u00f9 les cr\u00e8pes, le beurre sal\u00e9 et le Kouign Aman sont de v\u00e9ritables institutions.<\/p>\n<p>Le Nord-Est, lui, se d\u00e9marque de part les influences de nos voisins belges et allemands avec des plats riches mais particuli\u00e8rement savoureux.<\/p>\n<p>Mais qu\u2019en est-il du Sud-Est ? Mange-t-on aussi bien \u00e0 Toulouse ou \u00e0 Lyon que dans le reste de la France ?<\/p>\n<p>Ce n\u2019est pas pour rien que l\u2019on surnomme Lyon, la capitale Mondiale de la Gastronomie: \u00a0la r\u00e9ponse est oui !<\/p>\n<p>Et aussi parce que non, \u00e0 Toulouse, on a beau \u00eatre fier des sp\u00e9cialit\u00e9s, on ne se nourrit pas uniquement de cassoulet et de bonbons \u00e0 la violette.<\/p>\n<p>Inspir\u00e9e par la provence, et par le pays-basque, la restauration propose une cuisine particuli\u00e8rement vari\u00e9e.<\/p>\n<p>Dans le centre ville, la place du Capitole est encercl\u00e9e par des restaurant charme Toulouse. Un lieu incontournable pour tout gastronome, tant les restaurant gastronomique Toulouse sont nombreux.<\/p>\n<p>Toujours dans le centre, en vous faufilant dans les ruelles partant de l\u2019all\u00e9e principale Jean Jaur\u00e8s, vous d\u00e9couvrirez bons nombres de restaurant \u00a0toulouse sympa o\u00f9 passer d\u2019agr\u00e9ables moments. En cherchant encore un peu, vous trouverez des lieux particuli\u00e8rement intimistes, des restaurants romantiques Toulouse.<\/p>\n<p>Si ce sont les resto romantique toulouse que vous cherchez, vous pourrez \u00e9galement vous rendre du c\u00f4t\u00e9 de Carmes ou vous pourrez d\u00eener sur les bords de la Garonne.<\/p>\n<p>Si en revanche, vous recherchez un endroit pour recevoir tous vos amis, le quartier Saint-Michel propose bons nombres de grandes salles dans ses restaurant toulouse groupe.<\/p>\n<p>Quoiqu\u2019il en soit la ville regorge d\u2019un tr\u00e8s grand nombre de resto toulouse sympa, qu\u2019ils soient des restaurant Toulouse gastronomique, o\u00f9 des adresses plus modestes mais o\u00f9 l\u2019on se r\u00e9gale tout autant.<\/p>\n<p>Qui dit Sud-Est, dit aussi Lyon, et qui dit Lyon ne dit pas seulement Pomme Dauphine et quenelles. En effet, Lyon est l\u2019une des villes qui poss\u00e8de la plus grande concentration de restaurants par habitant. Plus de 1000 lieux o\u00f9 se restaurer. Vous trouverez donc facilement des restau sympa lyon mais aussi des lyon restaurant gastronomique.<\/p>\n<p>Si vous souhaitez un restaurant en amoureux lyon, la ville compte de tr\u00e8s beaux restaurant romantique lyon. Des lieux qui sont d\u2019ailleurs tr\u00e8s souvent des restaurant lyon chic.<\/p>\n<p>Puisqu\u2019\u00e0 \u201cla capitale des Gaules\u201d, les restaurants sont si nombreux, ils faut se d\u00e9marquer et proposer des concepts innovants. Les restaurant tendance lyon et les resto original Lyon, se comptent par dizaine.<\/p>\n<p>Comme \u00e0 Toulouse, chez les lyonnais aussi la cuisine change selon les quartiers. A Bellecoure, l\u2019immense place permet aux restaurateurs de recevoir de nombreux convives, on trouve donc des restaurant s\u00e9minaire Lyon.<\/p>\n<p>Le quartier Saint-Paul et ses rues m\u00e9di\u00e9vales est le centre historique de Lyon. Ce lieu poss\u00e8de un grand cachet, et on y trouve beaucoup de resto chic lyon.<\/p>\n<p>Le quartier de la Croix Rousse est sans aucun doute le plus vivant. C\u2019est ici que vous vous rendrez si vous \u00eates un adepte des vir\u00e9es nocturnes. Mais on trouve aussi \u00e0 la Croix Rousse des restaurant lyon sympa.<\/p>\n<p>Le Vieux Lyon et Saint-Jean sont les quartiers les plus touristiques. On retrouve ici de tr\u00e8s bonnes adresse de restaurant lyon gastronomique.<\/p>\n<p>Enfin, le quartier des \u201c\u00c9tats Unis\u201d n\u00e9 du projet de l\u2019architecte Tony Garnier, suprenant de par son architecture regroupe des lieux tout \u00e0 fait charmants id\u00e9als pour un resto romantique lyon.<\/p>\n<p><strong><\/p>\n<p><\/strong><\/p>\n","protected":false},"excerpt":{"rendered":"<p>On entend souvent parler des repas du Sud-Ouest. De ces ambiances festives, de ces troisi\u00e8mes mi-temps, dans lesquelles les bons repas se m\u00ealent aux chansons paillardes. Le Nord-Ouest est inond\u00e9 de la culture bretonne, une r\u00e9gion o\u00f9 la gastronomie est mise \u00e0 l\u2019honneur, o\u00f9 les cr\u00e8pes, le beurre sal\u00e9 et le Kouign Aman sont de [&hellip;]<\/p>\n","protected":false},"author":192,"featured_media":0,"parent":0,"menu_order":0,"comment_status":"closed","ping_status":"open","template":"","meta":[],"aioseo_notices":[],"_links":{"self":[{"href":"https:\/\/www.restovisio.com\/blog\/wp-json\/wp\/v2\/pages\/4162"}],"collection":[{"href":"https:\/\/www.restovisio.com\/blog\/wp-json\/wp\/v2\/pages"}],"about":[{"href":"https:\/\/www.restovisio.com\/blog\/wp-json\/wp\/v2\/types\/page"}],"author":[{"embeddable":true,"href":"https:\/\/www.restovisio.com\/blog\/wp-json\/wp\/v2\/users\/192"}],"replies":[{"embeddable":true,"href":"https:\/\/www.restovisio.com\/blog\/wp-json\/wp\/v2\/comments?post=4162"}],"version-history":[{"count":1,"href":"https:\/\/www.restovisio.com\/blog\/wp-json\/wp\/v2\/pages\/4162\/revisions"}],"predecessor-version":[{"id":4163,"href":"https:\/\/www.restovisio.com\/blog\/wp-json\/wp\/v2\/pages\/4162\/revisions\/4163"}],"wp:attachment":[{"href":"https:\/\/www.restovisio.com\/blog\/wp-json\/wp\/v2\/media?parent=4162"}],"curies":[{"name":"wp","href":"https:\/\/api.w.org\/{rel}","templated":true}]}}