{"id":4153,"date":"2015-01-21T18:02:02","date_gmt":"2015-01-21T17:02:02","guid":{"rendered":"http:\/\/www.restovisio.com\/blog\/?page_id=4153"},"modified":"2015-01-22T10:53:46","modified_gmt":"2015-01-22T09:53:46","slug":"les-meilleures-tables-du-nord","status":"publish","type":"page","link":"https:\/\/www.restovisio.com\/blog\/les-meilleures-tables-du-nord\/","title":{"rendered":"Les meilleures tables du Nord de la France !"},"content":{"rendered":"<p>Oui, dans le Nord, on aime bien tous les plats \u00e0 base de pomme de terre, de cr\u00e8me et de fromage. On aime aussi leurs donner des noms compliqu\u00e9s: Flammekueche, Kougelhof, Bibeleskaes &#8230;<\/p>\n<p>Mais tout ceci n\u2019est qu\u2019une infime partie de la culture gastronomique du Nord, la partie immerg\u00e9e de l\u2019iceberg. Enfilez votre doudoune, on vous emm\u00e8ne \u00e0 la d\u00e9couverte des meilleurs restaurants du Nord.<\/p>\n<p>Premi\u00e8re escale dans la capitale du Nord, Lille, nos amis Ch\u2019ti\u2019s nous re\u00e7oivent chaleureusement dans leur restaurant lille gastronomique. Des repas de qualit\u00e9 dans des resto lille pas cher. Car c\u2019est aussi \u00e7a l\u2019esprit du Nord, offrir \u00e0 tous de bons repas quelles que soient les sommes que nous avons \u00e0 d\u00e9penser, vous trouverez donc ais\u00e9ment des \u00a0lille restaurant pas cher.<\/p>\n<p>La restauration lilloise sait parfaitement s\u2019adapter \u00e0 tous les besoins, \u00e0 toutes les attentes. Envie d\u2019inviter votre dulcin\u00e9e \u00e0 d\u00eener ? La ville vous propose d\u2019excellent lille restaurant romantique.<\/p>\n<p>Vous avez un \u00e9v\u00e9nement \u00e0 f\u00eater, vous \u00eates nombreux, les restaurant anniversaire lille vous accueilleront \u00e0 bras ouverts.<\/p>\n<p>Et enfin, si vous avez simplement envie d\u2019un tr\u00e8s bons repas, les meilleures tables des restaurants gastronomiques Lille n\u2019attendent que vous.<\/p>\n<p>Si vous souhaitez d\u00e9jeuner dans un cadre vraiment agr\u00e9able, vous pourrez vous rendre dans le vieux Lille, l\u00e0 vous d\u00e9couvrirez une architecture typique, ant\u00e9rieur au XIX\u00e8me si\u00e8cle. Un d\u00e9cor ayant r\u00e9sister au temps et qui d\u00e9gage aujourd\u2019hui un charme tout \u00e0 fait singulier. Parmi les restaurant le vieux lille, vous trouverez donc quelques tr\u00e8s bonnes adresses de resto romantique lille.<\/p>\n<p>La singularit\u00e9 de ce quartier, le plus riche de la ville, lui donne un v\u00e9ritable attrait pour les touristes, il y a donc beaucoup de vieux lille restaurant.<\/p>\n<p>Quittons \u00e0 pr\u00e9sent la capitale des Flandres, montons encore plus au Nord et rejoignons la Cote d\u2019Opale et la charmante ville de Calais.<\/p>\n<p>S\u00e9par\u00e9e de seulement quelques kilom\u00e8tres de Angleterre par la Manche et situ\u00e9e \u00e0 \u00a0quelques kilom\u00e8tres de la Belgique: les influences sur la gastronomie calaisienne sont nombreuses. Aussi les resto Calais sont tr\u00e8s divers et adapt\u00e9s \u00e0 tous. Vous trouverez dans le centre ville de tr\u00e8s bonnes petites tables dans des restaurant pas cher Calais.<\/p>\n<p>Mais si vous souhaitez vraiment impressionner quelqu\u2019un, emmenez le plut\u00f4t dans l\u2019un des restaurant romantique Calais. Effets assur\u00e9s.<\/p>\n<p>Poursuivons et terminons notre voyage en nous rendant \u00e0 Strasbourg, \u00e0 quelques m\u00e8tres de chez nos voisins d\u2019Outre-Rhin. Comme celle de l\u2019Alsace, l\u2019histoire de Strasbourg est riche. Les influences allemandes sur cette cuisine pour le moins atypique sont \u00e9videntes.<\/p>\n<p>Aussi \u00e0 Strasbourg vous mangerez des plats que vous ne trouverez nulle part ailleurs, dans les restaurant original Strasbourg.<\/p>\n<p>Les recettes traditionnelles alsaciennes, sont initialement des recettes familiales, populaires que l\u2019on peut manger dans les restaurant Strasbourg sympa. Mais les chefs ont su sublimer ces plats traditionnelles, et en ont fait des plats d\u2019exception servi dans les plus grands restaurant gastronomique Strasbourg.<\/p>\n<p>Si\u00e8ge du Parlement Europ\u00e9en mais aussi de nombreuses autres institutions europ\u00e9ennes et internationales, la capitale europ\u00e9enne se doit de savoir recevoir des invit\u00e9s de marque en grands nombres dans des restaurant groupe Strasbourg, capable de cuisiner pour des clients au palais habitu\u00e9 aux mets d\u00e9licats, ils doivent aussi \u00eatre des restaurant Strasbourg gastronomique.<\/p>\n<p>Mais \u00e9loignons nous de la politique pour nous rapprocher du centre historique de Strasbourg, l\u2019ellipse insulaire, class\u00e9e au patrimoine mondiale par l\u2019Unesco depuis 1988. Ce centre ville pleins de charme est id\u00e9al pour partager un repas dans un restaurant Strasbourg romantique. En effet, dans la capitale alsacienne, les resto romantique Strasbourg ne manquent pas.<\/p>\n<p>Si vous n\u2019\u00eates de passage que le week-end et que vous souhaitez tout de m\u00eame go\u00fbter aux d\u00e9lices de la gastronomie alsacienne, pas de panique, il y a de nombreux restaurant Strasbourg dimanche.<\/p>\n<p>Les meilleurs Strasbourg restaurant gastrnomique vous accueilleront avec autant de plaisir le dimanche que le lundi.<\/p>\n","protected":false},"excerpt":{"rendered":"<p>Oui, dans le Nord, on aime bien tous les plats \u00e0 base de pomme de terre, de cr\u00e8me et de fromage. On aime aussi leurs donner des noms compliqu\u00e9s: Flammekueche, Kougelhof, Bibeleskaes &#8230; Mais tout ceci n\u2019est qu\u2019une infime partie de la culture gastronomique du Nord, la partie immerg\u00e9e de l\u2019iceberg. Enfilez votre doudoune, on [&hellip;]<\/p>\n","protected":false},"author":192,"featured_media":0,"parent":0,"menu_order":0,"comment_status":"closed","ping_status":"open","template":"","meta":[],"aioseo_notices":[],"_links":{"self":[{"href":"https:\/\/www.restovisio.com\/blog\/wp-json\/wp\/v2\/pages\/4153"}],"collection":[{"href":"https:\/\/www.restovisio.com\/blog\/wp-json\/wp\/v2\/pages"}],"about":[{"href":"https:\/\/www.restovisio.com\/blog\/wp-json\/wp\/v2\/types\/page"}],"author":[{"embeddable":true,"href":"https:\/\/www.restovisio.com\/blog\/wp-json\/wp\/v2\/users\/192"}],"replies":[{"embeddable":true,"href":"https:\/\/www.restovisio.com\/blog\/wp-json\/wp\/v2\/comments?post=4153"}],"version-history":[{"count":3,"href":"https:\/\/www.restovisio.com\/blog\/wp-json\/wp\/v2\/pages\/4153\/revisions"}],"predecessor-version":[{"id":4158,"href":"https:\/\/www.restovisio.com\/blog\/wp-json\/wp\/v2\/pages\/4153\/revisions\/4158"}],"wp:attachment":[{"href":"https:\/\/www.restovisio.com\/blog\/wp-json\/wp\/v2\/media?parent=4153"}],"curies":[{"name":"wp","href":"https:\/\/api.w.org\/{rel}","templated":true}]}}