{"id":4151,"date":"2015-01-21T18:00:01","date_gmt":"2015-01-21T17:00:01","guid":{"rendered":"http:\/\/www.restovisio.com\/blog\/?page_id=4151"},"modified":"2015-01-22T10:46:08","modified_gmt":"2015-01-22T09:46:08","slug":"la-cote-atlantique-terre-de-gastronomie","status":"publish","type":"page","link":"https:\/\/www.restovisio.com\/blog\/la-cote-atlantique-terre-de-gastronomie\/","title":{"rendered":"La C\u00f4te Atlantique, Terre de gastronomie"},"content":{"rendered":"<p>Si les personnes qui fuient la vie parisienne d\u00e9cident de partir vers l\u2019Ouest fran\u00e7ais pour y retrouver u rythme de vie moins fou et toujours branch\u00e9 sur le bouton \u00ab\u00a0MAX\u00a0\u00bb, c\u2019est qu\u2019il y a surement plusieurs raisons \u00e0 leurs envies de d\u00e9part\u00a0: l\u2019ambiance, le stress, la vie, le cadre sont d\u2019une bien meilleure douceur et d\u2019une qui\u00e9tude que nous recherchons toutes et tous.<\/p>\n<p>En effet, Des villes telles que Nantes, Bordeaux, Biarritz ou encore La Rochelle Sont des Ville tr\u00e8s convoit\u00e9 pour leur style de vie et le cadre qu\u2019elles nous proposent.<\/p>\n<p>Pourquoi donc pourrait-il y avoir autant d\u2019attrait pour des villes qui ont \u00e9t\u00e9 longtemps mise au second voir au troisi\u00e8me plan de la vie culturelle et gastronomique fran\u00e7aise\u00a0?<\/p>\n<p>Suivez le guide, Nous allons vous expliquer pourquoi il est bon de vivre sur la c\u00f4te Atlantique.<\/p>\n<p>Commen\u00e7ons tout d\u2019abord avec Bordeaux, ville tr\u00e8s culturelle et r\u00e9put\u00e9e pour avoir vu na\u00eetre et se former certains des plus grands chefs cuisinier du monde. C\u2019est pourquoi vous trouverez des restaurants gastronomiques bordeaux qui sauront se montrer \u00e0 la hauteur des plus belles tables parisiennes. Vous trouverez ainsi des resto romantique bordeaux Pour illuminer votre soir\u00e9e avec votre moiti\u00e9. Mais Bordeaux c\u2019est aussi une ville \u00e9tudiante, c\u2019est pourquoi vous trouverez des restau sympa bordeaux, des restaurants conviviaux et insolites, ou encore un resto original bordeaux pour votre plus grand plaisir. \u00c9galement r\u00e9put\u00e9 pour \u00eatre Une belle ville comptant de grandes entreprises fran\u00e7aises, Il vous sera facile de trouver un restaurant de groupe bordeaux pour vos d\u00eeners d\u2019affaire ou vos s\u00e9minaires. Trouvez un restaurant sur notre site pour diner bordeaux. Nous vous conseillons le restaurant la petite gironde bordeaux, un des nombreux restaurant tendance bordeaux. Laissez-vous \u00e9galement tent\u00e9 par un des restaurants japonais bordeaux Si vous apporterons la culture nipponne et vous enseignerons tous leurs arts et mani\u00e8res de se restaurer.<\/p>\n<p>Vous l\u2019aurez compris, que vous alliez dans un restaurant bordeaux romantique, un restaurant bordeaux gastronomique, ou encore un restaurant bordeaux sympa, Vous serez satisfaits et combl\u00e9 et vous n\u2019aurez qu\u2019une envie\u00a0: que cette soir\u00e9e recommence le plus t\u00f4t possible<\/p>\n<p>Cependant se cantonner \u00e0 Bordeaux pour d\u00e9crire la culture gastronomique atlantique serait tr\u00e8s r\u00e9ducteur. C\u2019est au sein du Pays basque, dans la ville de Biarritz, que vous pourrez trouver une nouvelle d\u00e9finition du terme convivialit\u00e9, que ce soit dans votre assiette ou dans l\u2019ambiance r\u00e9gnant dans les \u00e9tablissements de la ville.<\/p>\n<p>Partez donc \u00e0 la d\u00e9couverte d\u2019un des restaurant sympa biarritz et pr\u00e9parez-vous \u00e0 chanter \u00ab\u00a0AUPA B.O.\u00a0\u00bb\u00a0! Profitez d\u2019un moment d\u2019intimit\u00e9 dans l\u2019un des restaurant romantique biarritz, tel que l\u2019est le restaurant les terrasses biarritz.<\/p>\n<p>Ainsi, La ville de biarritz resto vous proposera toujours ce qui se fera de mieux pour vous et vous invit\u00e9s.<\/p>\n<p>Il serait inopportun d\u2019oublier la charmante ville de La Rochelle lorsque nous parlons des merveilles culturelles gastronomiques de la c\u00f4te Atlantique.<\/p>\n<p>Au m\u00eame titre que Bordeaux et Biarritz, Laissez-vous tenter par un restaurant romantique la rochelle, voire un restaurant sympa la rochelle. On les oublie bien souvent, mais dans la ville de la rochelle restaurants gastronomiques ne manquent pas \u00e0 l\u2019appel.<\/p>\n<p>Bloquez Votre 14 f\u00e9vrier et partez dans une de ces villes pour emmener votre moiti\u00e9 dans un restaurant pour la st valentin et vous faire vivre une exp\u00e9rience inoubliable.<\/p>\n<p>&nbsp;<\/p>\n<p>&nbsp;<\/p>\n<p>&nbsp;<\/p>\n<p>&nbsp;<\/p>\n<p>&nbsp;<\/p>\n<p>&nbsp;<\/p>\n<p>&nbsp;<\/p>\n<p>&nbsp;<\/p>\n<p>&nbsp;<\/p>\n<p>&nbsp;<\/p>\n<p>&nbsp;<\/p>\n<p>&nbsp;<\/p>\n<p>&nbsp;<\/p>\n<p>&nbsp;<\/p>\n<p>&nbsp;<\/p>\n","protected":false},"excerpt":{"rendered":"<p>Si les personnes qui fuient la vie parisienne d\u00e9cident de partir vers l\u2019Ouest fran\u00e7ais pour y retrouver u rythme de vie moins fou et toujours branch\u00e9 sur le bouton \u00ab\u00a0MAX\u00a0\u00bb, c\u2019est qu\u2019il y a surement plusieurs raisons \u00e0 leurs envies de d\u00e9part\u00a0: l\u2019ambiance, le stress, la vie, le cadre sont d\u2019une bien meilleure douceur et [&hellip;]<\/p>\n","protected":false},"author":192,"featured_media":0,"parent":0,"menu_order":0,"comment_status":"closed","ping_status":"open","template":"","meta":[],"aioseo_notices":[],"_links":{"self":[{"href":"https:\/\/www.restovisio.com\/blog\/wp-json\/wp\/v2\/pages\/4151"}],"collection":[{"href":"https:\/\/www.restovisio.com\/blog\/wp-json\/wp\/v2\/pages"}],"about":[{"href":"https:\/\/www.restovisio.com\/blog\/wp-json\/wp\/v2\/types\/page"}],"author":[{"embeddable":true,"href":"https:\/\/www.restovisio.com\/blog\/wp-json\/wp\/v2\/users\/192"}],"replies":[{"embeddable":true,"href":"https:\/\/www.restovisio.com\/blog\/wp-json\/wp\/v2\/comments?post=4151"}],"version-history":[{"count":1,"href":"https:\/\/www.restovisio.com\/blog\/wp-json\/wp\/v2\/pages\/4151\/revisions"}],"predecessor-version":[{"id":4152,"href":"https:\/\/www.restovisio.com\/blog\/wp-json\/wp\/v2\/pages\/4151\/revisions\/4152"}],"wp:attachment":[{"href":"https:\/\/www.restovisio.com\/blog\/wp-json\/wp\/v2\/media?parent=4151"}],"curies":[{"name":"wp","href":"https:\/\/api.w.org\/{rel}","templated":true}]}}