{"id":4147,"date":"2015-01-21T17:12:38","date_gmt":"2015-01-21T16:12:38","guid":{"rendered":"http:\/\/www.restovisio.com\/blog\/?page_id=4147"},"modified":"2015-01-22T10:43:47","modified_gmt":"2015-01-22T09:43:47","slug":"comment-trouver-un-restaurant-sur-internet-aujourdhui","status":"publish","type":"page","link":"https:\/\/www.restovisio.com\/blog\/comment-trouver-un-restaurant-sur-internet-aujourdhui\/","title":{"rendered":"Comment trouver un restaurant sur Internet aujourd\u2019hui\u00a0?"},"content":{"rendered":"<p>Vous en avez assez de votre pizz\u00e9ria et vous cherchez comment en trouver de nouveau\u00a0? Comment trouver de bons restaurants, des restaurants pas cher, un cadre atypique, une ambiance particuli\u00e8re, des sp\u00e9cialit\u00e9s que vous n\u2019avez pas \u00e0 proximit\u00e9 imm\u00e9diate mais qui pourraient se trouver \u00e0 quelques kilom\u00e8tres d\u2019o\u00f9 vous \u00eates\u00a0? Internet est d\u00e9sormais votre grand ami\u00a0pour vous aider \u00e0 trouver et s\u00e9lectionner le restaurant de vos envies et d\u00e9sirs du moment !<\/p>\n<p>Aujourd\u2019hui, vous pouvez faire une r\u00e9servation restaurant en ligne, en voyant des photos restaurant, la carte de menu restaurant qui vous a tap\u00e9 dans l\u2019\u0153il et avoir un aper\u00e7u de ce que vous aurez. Prenons l\u2019exemple du restaurant la r\u00e9serve\u00a0sur notre site : vous pouvez y trouver une vid\u00e9o restaurant pour voir l\u2019ambiance, les plats signatures et le cadre dans lequel vous vous trouverez. Retrouvez \u00e9galement une pr\u00e9sentation restaurant pour compl\u00e9ter la vid\u00e9o, ainsi qu\u2019une carte de menu restaurant pour avoir toutes les cartes en main\u00a0! L\u2019avantage d\u2019HotelRestoVisio\u00a0? Vous pouvez reserver restaurant via notre site et vous n\u2019avez plus qu\u2019\u00e0 vous rendre sur place. Restaurant pour groupe, pour famille, ami(e)s, entre amoureux, vous pourrez ainsi avoir toutes les tendances restaurant pour choisir votre cadre id\u00e9al.<\/p>\n<p>Le restaurant la r\u00e9serve n\u2019est pas \u00e0 votre go\u00fbt\u00a0? Pas de souci, allons visiter le restaurant le convivial et d\u00e9couvrons la presentation menu restaurant ensemble. La carte vous plait\u00a0? N\u2019attendez plus et appelez le restaurant reservation.<\/p>\n<p>Simplifiez-vous la vie gr\u00e2ce \u00e0 Internet et soyez en mesure de pouvoir choisir avec pr\u00e9cision le restaurant qui correspondra a votre caract\u00e8re et \u00e0 l\u2019envie de soir\u00e9e que vous voulez passer. A travers les diff\u00e9rents outils qui sont \u00e0 votre disposition (restaurant video, restaurant photo de menu, photos du cadre t des plats, avis des personnes s\u2019\u00e9tant d\u00e9j\u00e0 rendus dans l\u2019\u00e9tablissement, choix de la cuisine souhait\u00e9e, etc.), plus besoin d\u2019avoir de mauvaises surprises\u00a0: Ne gardez que les meilleurs souvenirs et les restaurants qui sauront vous donner envie.<\/p>\n<p>Trouver un restaurant sur Internet devient de plus en plus simple, mais avoir la nouvelle tendance restauration \u00e0 port\u00e9e de main est un atout\u00a0: Avec un exemple menu restaurant, le restaurant presentation, la restauration video pour vous donner une id\u00e9e de ce qui vous attend et le restaurant photo pour les amateurs des images fixes, vous aurez toutes les cl\u00e9s en main pour d\u00e9couvrir et choisir le restaurant qui vous correspond le mieux et qui vous fera le plus envie.<\/p>\n<p>Devenez ma\u00eetre(sse) dans l\u2019Art de trouver la perle rare qui surprendra aussi bien vos coll\u00e8gues que votre moiti\u00e9, votre famille o\u00f9 vos ami(e)s gr\u00e2ce \u00e0 Internet, toujours pr\u00eat \u00e0 vous aider et vous conseiller de la mani\u00e8re la plus pointilleuse possible.<\/p>\n<p>N\u2019attendez plus, et d\u00e9couvrez nous sur <a href=\"http:\/\/www.restovisio.com\">http:\/\/www.restovisio.com<\/a><\/p>\n<p>&nbsp;<\/p>\n<p>&nbsp;<\/p>\n","protected":false},"excerpt":{"rendered":"<p>Vous en avez assez de votre pizz\u00e9ria et vous cherchez comment en trouver de nouveau\u00a0? Comment trouver de bons restaurants, des restaurants pas cher, un cadre atypique, une ambiance particuli\u00e8re, des sp\u00e9cialit\u00e9s que vous n\u2019avez pas \u00e0 proximit\u00e9 imm\u00e9diate mais qui pourraient se trouver \u00e0 quelques kilom\u00e8tres d\u2019o\u00f9 vous \u00eates\u00a0? Internet est d\u00e9sormais votre grand [&hellip;]<\/p>\n","protected":false},"author":192,"featured_media":0,"parent":0,"menu_order":0,"comment_status":"closed","ping_status":"open","template":"","meta":[],"aioseo_notices":[],"_links":{"self":[{"href":"https:\/\/www.restovisio.com\/blog\/wp-json\/wp\/v2\/pages\/4147"}],"collection":[{"href":"https:\/\/www.restovisio.com\/blog\/wp-json\/wp\/v2\/pages"}],"about":[{"href":"https:\/\/www.restovisio.com\/blog\/wp-json\/wp\/v2\/types\/page"}],"author":[{"embeddable":true,"href":"https:\/\/www.restovisio.com\/blog\/wp-json\/wp\/v2\/users\/192"}],"replies":[{"embeddable":true,"href":"https:\/\/www.restovisio.com\/blog\/wp-json\/wp\/v2\/comments?post=4147"}],"version-history":[{"count":1,"href":"https:\/\/www.restovisio.com\/blog\/wp-json\/wp\/v2\/pages\/4147\/revisions"}],"predecessor-version":[{"id":4148,"href":"https:\/\/www.restovisio.com\/blog\/wp-json\/wp\/v2\/pages\/4147\/revisions\/4148"}],"wp:attachment":[{"href":"https:\/\/www.restovisio.com\/blog\/wp-json\/wp\/v2\/media?parent=4147"}],"curies":[{"name":"wp","href":"https:\/\/api.w.org\/{rel}","templated":true}]}}