{"id":4143,"date":"2015-01-21T17:08:20","date_gmt":"2015-01-21T16:08:20","guid":{"rendered":"http:\/\/www.restovisio.com\/blog\/?page_id=4143"},"modified":"2015-01-22T10:58:25","modified_gmt":"2015-01-22T09:58:25","slug":"un-gout-de-provence","status":"publish","type":"page","link":"https:\/\/www.restovisio.com\/blog\/un-gout-de-provence\/","title":{"rendered":"Un go\u00fbt de Provence"},"content":{"rendered":"<p>Aix-en-provence, ou le coeur d\u2019un r\u00e9seau de jolis petits villages. L\u2019atout charme du patrimoine fran\u00e7ais qui permet chaque ann\u00e9e une forte affluence touristique. D\u00e9couverte de la r\u00e9gion aixoise, v\u00e9ritable mine d\u2019or culturelle et gastronomique.<\/p>\n<p>De nombreux restaurants ouvrent alors leurs portes pour s\u00e9duire cette client\u00e8le \u00e9clectique: Restaurant romantique aix, restaurant haut de gamme, restaurant chic aix en provence &#8230;<\/p>\n<p>Chacun trouvera son bonheur dans l\u2019une de nos plus belles villes du Sud.<\/p>\n<p>En \u00e9t\u00e9, vous pourrez profiter d\u2019une ville anim\u00e9e, manger en restaurant terrasse aix en provence, le soir vous rendre \u00e0 un diner spectacle aix-en-provence.<\/p>\n<p>En hiver, la ville est plus calme, id\u00e9ale pour partager des repas chaleureux dans des aix en provence restaurant romantique.<\/p>\n<p>Si vous venez manger dans les restaurant original aix en provence, profitez en pour d\u00e9couvrir une ville \u00e0 la culture tr\u00e8s riche. Th\u00e9\u00e2tre, mus\u00e9e, conservatoire, cette ville de provence regorge de tr\u00e9sors. Le centre d\u2019Aix est un bijou architectural, que vous pourrez contempler \u00e0 une bonne table du restaurant centre aix en provence.<\/p>\n<p>En vous \u00e9loignant dans de charmantes ruelles, vous pourrez d\u00e9couvrir des restaurants insolites aix en provence ou des restaurant original aix en provence.<\/p>\n<p>Si toutefois la ville vous manque, Aix se situe \u00e0 seulement \u00a0quelques minutes en voiture de la ville de Marseille et de son vieux port.<\/p>\n<p>Cette ville aussi a sa propre culture de la gastronomie. Une cuisine color\u00e9e, parfum\u00e9e, savoureuse. Cette cuisine que l\u2019on retrouve dans de nombreux restaurants gastronomiques Marseille.<\/p>\n<p>Marseille s\u2019adapte d\u2019ailleurs \u00e0 chacun, vous retrouverez le long des berges du vieux port, restaurant marseille sympa, resto pas cher marseille.<\/p>\n<p>Si vous souhaitez partager un moment plus intime, rendez-vous sur les bords des calanques dans des restaurant romantique Marseille.<\/p>\n<p>Ces resto romantique Marseille vous proposeront une cuisine typiquement proven\u00e7ale, de tr\u00e8s haute qualit\u00e9 proche des plus grands restaurant gastro Marseille.<\/p>\n<p>Mais Marseille n\u2019est pas r\u00e9serv\u00e9e aux amoureux, vous pouvez \u00e9galement d\u00e9jeuner ou d\u00eener dans la cit\u00e9 phoc\u00e9enne avec vos amis. De nombreux restaurant groupe Marseille, ou resto sympa Marseille vous accueilleront chaleureusement.<\/p>\n<p>En parlant de chaleur, n\u2019importe quel Marseillais vous expliquera qu\u2019il fait toujours beau \u00e0 Marseille. Aussi vous pourrez prendre le temps de vous installer \u00e0 un restaurant terrasse Marseille pour profiter du soleil du Sud.<\/p>\n<p>HotelRestovisio vous propose une s\u00e9lection des meilleurs restaurants aix en provence et des meilleurs restaurants marseille avec des photos restaurant.<\/p>\n<p>Vous trouverez facilement les meilleurs restaurant Bouches-du-Rh\u00f4ne, des resto sympa, des restaurants romantiques, restaurant original pour d\u00e9couvrir tout le charme de la Provence.<\/p>\n<p>&nbsp;<\/p>\n<p>&nbsp;<\/p>\n","protected":false},"excerpt":{"rendered":"<p>Aix-en-provence, ou le coeur d\u2019un r\u00e9seau de jolis petits villages. L\u2019atout charme du patrimoine fran\u00e7ais qui permet chaque ann\u00e9e une forte affluence touristique. D\u00e9couverte de la r\u00e9gion aixoise, v\u00e9ritable mine d\u2019or culturelle et gastronomique. De nombreux restaurants ouvrent alors leurs portes pour s\u00e9duire cette client\u00e8le \u00e9clectique: Restaurant romantique aix, restaurant haut de gamme, restaurant chic [&hellip;]<\/p>\n","protected":false},"author":192,"featured_media":0,"parent":0,"menu_order":0,"comment_status":"closed","ping_status":"open","template":"","meta":[],"aioseo_notices":[],"_links":{"self":[{"href":"https:\/\/www.restovisio.com\/blog\/wp-json\/wp\/v2\/pages\/4143"}],"collection":[{"href":"https:\/\/www.restovisio.com\/blog\/wp-json\/wp\/v2\/pages"}],"about":[{"href":"https:\/\/www.restovisio.com\/blog\/wp-json\/wp\/v2\/types\/page"}],"author":[{"embeddable":true,"href":"https:\/\/www.restovisio.com\/blog\/wp-json\/wp\/v2\/users\/192"}],"replies":[{"embeddable":true,"href":"https:\/\/www.restovisio.com\/blog\/wp-json\/wp\/v2\/comments?post=4143"}],"version-history":[{"count":2,"href":"https:\/\/www.restovisio.com\/blog\/wp-json\/wp\/v2\/pages\/4143\/revisions"}],"predecessor-version":[{"id":4159,"href":"https:\/\/www.restovisio.com\/blog\/wp-json\/wp\/v2\/pages\/4143\/revisions\/4159"}],"wp:attachment":[{"href":"https:\/\/www.restovisio.com\/blog\/wp-json\/wp\/v2\/media?parent=4143"}],"curies":[{"name":"wp","href":"https:\/\/api.w.org\/{rel}","templated":true}]}}